{"id":9216,"date":"2020-08-28T10:05:43","date_gmt":"2020-08-28T10:05:43","guid":{"rendered":"https:\/\/adamo.ro\/about\/"},"modified":"2022-09-09T20:05:04","modified_gmt":"2022-09-09T20:05:04","slug":"despre","status":"publish","type":"page","link":"https:\/\/adamo.ro\/ro\/despre\/","title":{"rendered":"Despre"},"content":{"rendered":"<div class=\"wpb-content-wrapper\"><p>[vc_row height_ratio=&#8221;80&#8243; padding_top_multiplier=&#8221;4x&#8221; padding_bottom_multiplier=&#8221;4x&#8221; rc_heading_color=&#8221;white&#8221; rc_bg_type=&#8221;image&#8221; rc_bg_image=&#8221;8069&#8243; rc_bg_image_type=&#8221;parallax&#8221; rc_bg_color_overlay=&#8221;gradient&#8221; rc_bg_gradient_overlay_custom_1=&#8221;#292929&#8243; rc_bg_gradient_overlay_custom_2=&#8221;rgba(41,41,41,0.2)&#8221; rc_bg_gradient_overlay_direction=&#8221;180&#8243; desktop_visibility=&#8221;hide&#8221; tablet_visibility=&#8221;hide&#8221; tablet_sm_visibility=&#8221;hide&#8221; mobile_visibility=&#8221;hide&#8221; tablet_sm_height_ratio=&#8221;70&#8243; mobile_height_ratio=&#8221;50&#8243; separator_bottom=&#8221;wave-right-separator&#8221; separator_bottom_size=&#8221;20%&#8221; scroll_header_skin=&#8221;light&#8221; rc_font_color=&#8221;#ffffff&#8221;][vc_column width=&#8221;1\/6&#8243; tablet_sm_width=&#8221;hide&#8221; mobile_width=&#8221;hide&#8221;][\/vc_column][vc_column width=&#8221;7\/12&#8243; vertical_content_position=&#8221;middle&#8221; tablet_width=&#8221;2-3&#8243; tablet_sm_width=&#8221;1&#8243;]<h1 class=\"grve-element grve-title grve-align-inherit grve-page-title grve-custom-font-1\"><span>Despre Adamo<\/span><\/h1>[vc_column_text text_style=&#8221;leader-text&#8221;]O buc\u0103t\u0103rie multicultural\u0103[\/vc_column_text]<div class=\"grve-empty-space grve-height-1x\"><\/div>[\/vc_column][vc_column width=&#8221;1\/4&#8243; tablet_width=&#8221;1-6&#8243; tablet_sm_width=&#8221;hide&#8221; mobile_width=&#8221;hide&#8221;][\/vc_column][\/vc_row][vc_row padding_top_multiplier=&#8221;4x&#8221; padding_bottom_multiplier=&#8221;4x&#8221; mobile_columns_vertical_gap=&#8221;60&#8243; separator_top_size=&#8221;20%&#8221; separator_top_color=&#8221;#fafafa&#8221;][vc_column width=&#8221;1\/6&#8243; mobile_width=&#8221;hide&#8221;][\/vc_column][vc_column width=&#8221;2\/3&#8243;]<h2 data-animation=\"fade-in-up\" data-delay=\"0\" data-duration=\"normal\" class=\"grve-element grve-title grve-align-inherit grve-animated-item grve-h2\"><span>Celebr\u0103m diversitatea, opulen\u021ba \u0219i mo\u0219tenirea gastronomic\u0103 a regiunii mediteraneene.<\/span><\/h2>[vc_column_text text_style=&#8221;leader-text&#8221; animation=&#8221;fade-in-up&#8221; animation_delay=&#8221;200&#8243;]Adamo v\u0103 poart\u0103 \u00eentr-o c\u0103l\u0103torie culinar\u0103 care celebreaz\u0103 diversitatea, opulen\u021ba \u0219i mo\u0219tenirea gastronomic\u0103 a buc\u0103t\u0103riei mediteraneene. Atmosfera boem\u0103 a restaurantului \u0219i terasei de la marginea parcului Her\u0103str\u0103u este ideal\u0103 pentru a v\u0103 str\u00e2nge \u00een jurul mesei cu familia sau prietenii, pentru a savura un pr\u00e2nz formal de business sau a v\u0103 bucura de o sear\u0103 relaxat\u0103 \u00een ora\u0219.[\/vc_column_text][\/vc_column][vc_column width=&#8221;1\/6&#8243;][\/vc_column][\/vc_row][vc_row padding_top_multiplier=&#8221;&#8221; padding_bottom_multiplier=&#8221;2x&#8221; rc_bg_type=&#8221;color&#8221; columns_gap=&#8221;none&#8221; mobile_columns_vertical_gap=&#8221;none&#8221; rc_bg_color=&#8221;#ffffff&#8221;][vc_column width=&#8221;7\/12&#8243; rc_bg_type=&#8221;color&#8221; expand_column_bg=&#8221;expand-bg-left&#8221; mobile_text_align=&#8221;left&#8221; mobile_column_order=&#8221;2&#8243; mobile_expand_column_bg=&#8221;both-sides&#8221; rc_bg_color=&#8221;#f9f9f9&#8243; grve_css=&#8221;{&#8222;desktop&#8222;:{&#8222;padding-right&#8222;:&#8222;20%&#8222;,&#8222;class&#8222;:&#8222;grve-wpb-1629351208550&#8222;},&#8222;mobile_landscape&#8222;:{&#8222;padding-right&#8222;:&#8222;0px&#8222;,&#8222;padding-left&#8222;:&#8222;20px&#8222;}}&#8221;]<div class=\"grve-empty-space grve-height-4x\"><\/div><h3 data-animation=\"fade-in-left\" data-delay=\"0\" data-duration=\"normal\" class=\"grve-element grve-title grve-align-inherit grve-animated-item grve-h3\"><span>Bucura\u021bi-v\u0103<br \/>\nde extravagan\u021b\u0103 culinar\u0103<\/span><\/h3><div data-animation=\"fade-in-right\" data-delay=\"300\" data-duration=\"normal\" class=\"grve-element grve-divider grve-animated-item\" style=\"padding-bottom: 20px;\"><span class=\"grve-custom-divider grve-bg-primary-1 grve-align-left\" style=\"width: 20%;height: 1px;\"><\/span><\/div>[vc_column_text text_style=&#8221;leader-text&#8221; animation=&#8221;fade-in-left&#8221; animation_delay=&#8221;200&#8243; el_class=&#8221;desc&#8221;]V\u0103 vom r\u0103sf\u0103\u021ba sim\u021burile cu preparate u\u0219oare \u0219i re\u021bete ce accentueaz\u0103 complexitatea aromelor \u0219i texturile delicate ale ingredientelor excelente pe care le folosim. Acestea sunt integrate \u00een delicii culinare clasice, dar \u0219i moderne, de c\u0103tre buc\u0103tarul nostru iscusit. Vom actualiza \u00een mod constant meniul cu noi preparate de sezon \u0219i vom surprinde cele mai preten\u021bioase gusturi cu ingrediente proaspete &#8211; din mare, crescute pe p\u0103m\u00e2nt local ori sau oferite de p\u0103durile Rom\u00e2niei.[\/vc_column_text]<div class=\"grve-empty-space grve-height-4x\"><\/div>[\/vc_column][vc_column width=&#8221;5\/12&#8243; vertical_content_position=&#8221;middle&#8221; mobile_column_order=&#8221;1&#8243;]<div data-clipping-color=\"black\" data-animation=\"colored-clipping-left\" data-delay=\"400\" data-duration=\"normal\" class=\"grve-element grve-image grve-align-right grve-clipping-animation grve-advanced-animation grve-colored-clipping grve-animated-item\">\r\n\t<div class=\"grve-image-item\">\r\n\t\t\r\n\r\n<div class=\"grve-image-wrapper grve-no-effect\">\r\n\t\t<div class=\"grve-thumbnail-wrapper\"  style=\"width: 514px;\"><div class=\"grve-thumbnail\"  style=\"padding-top: 138.132%;\"><img loading=\"lazy\" decoding=\"async\" width=\"514\" height=\"710\" src=\"https:\/\/adamo.ro\/wp-content\/uploads\/2021\/10\/Adamo-About-mood.jpg\" class=\"attachment-medium_large size-medium_large\" alt=\"\" data-column-space=\"auto\" data-lazyload=\"off\" data-grve-filter=\"yes\" srcset=\"https:\/\/adamo.ro\/wp-content\/uploads\/2021\/10\/Adamo-About-mood.jpg 514w, https:\/\/adamo.ro\/wp-content\/uploads\/2021\/10\/Adamo-About-mood-217x300.jpg 217w\" sizes=\"auto, (max-width: 514px) 100vw, 514px\" \/><\/div><\/div>\t<\/div>\r\n\t<\/div>\r\n<\/div>\r\n[\/vc_column][\/vc_row][vc_row section_type=&#8221;fullwidth&#8221; padding_top_multiplier=&#8221;&#8221; padding_bottom_multiplier=&#8221;2x&#8221; columns_gap=&#8221;none&#8221; equal_column_height=&#8221;equal&#8221; scroll_header_skin=&#8221;light&#8221;][vc_column content_width=&#8221;custom&#8221; horizontal_content_position=&#8221;center&#8221; custom_content_width=&#8221;2000&#8243;][vc_row_inner columns_gap=&#8221;10&#8243; equal_column_height=&#8221;equal&#8221;][vc_column_inner width=&#8221;1\/2&#8243;]<div data-animation=\"fade-in-left\" data-delay=\"0\" data-duration=\"normal\" class=\"grve-element grve-image grve-align-center grve-animated-item grve-image-space-100 grve-image-expand-width\">\r\n\t<div class=\"grve-image-item\">\r\n\t\t\r\n\r\n<div class=\"grve-image-wrapper grve-no-effect\">\r\n\t\t<div class=\"grve-thumbnail-wrapper\"><div class=\"grve-thumbnail\"  style=\"padding-top: 58.301%;\"><img loading=\"lazy\" decoding=\"async\" width=\"1024\" height=\"597\" src=\"https:\/\/adamo.ro\/wp-content\/uploads\/2021\/10\/Adamo-About-A-1024x597.jpg\" class=\"attachment-large size-large grve-lazy-load lazyload\" alt=\"\" data-column-space=\"100\" data-lazyload=\"\" data-grve-filter=\"yes\" srcset=\"https:\/\/adamo.ro\/wp-content\/themes\/impeka\/images\/empty\/empty.png\" data-src=\"https:\/\/adamo.ro\/wp-content\/uploads\/2021\/10\/Adamo-About-A-1024x597.jpg\" data-sizes=\"auto\" data-srcset=\"https:\/\/adamo.ro\/wp-content\/uploads\/2021\/10\/Adamo-About-A-1024x597.jpg 1024w, https:\/\/adamo.ro\/wp-content\/uploads\/2021\/10\/Adamo-About-A-300x175.jpg 300w, https:\/\/adamo.ro\/wp-content\/uploads\/2021\/10\/Adamo-About-A-768x448.jpg 768w, https:\/\/adamo.ro\/wp-content\/uploads\/2021\/10\/Adamo-About-A.jpg 1200w\" data-expand=\"1\" \/><\/div><\/div>\t<\/div>\r\n\t<\/div>\r\n<\/div>\r\n[\/vc_column_inner][vc_column_inner width=&#8221;1\/2&#8243;]<div data-animation=\"fade-in-right\" data-delay=\"250\" data-duration=\"normal\" class=\"grve-element grve-image grve-align-center grve-animated-item grve-image-space-100 grve-image-expand-width\">\r\n\t<div class=\"grve-image-item\">\r\n\t\t\r\n\r\n<div class=\"grve-image-wrapper grve-no-effect\">\r\n\t\t<div class=\"grve-thumbnail-wrapper\"><div class=\"grve-thumbnail\"  style=\"padding-top: 58.301%;\"><img loading=\"lazy\" decoding=\"async\" width=\"1024\" height=\"597\" src=\"https:\/\/adamo.ro\/wp-content\/uploads\/2021\/10\/Adamo-About-B-1024x597.jpg\" class=\"attachment-large size-large grve-lazy-load lazyload\" alt=\"\" data-column-space=\"100\" data-lazyload=\"\" data-grve-filter=\"yes\" srcset=\"https:\/\/adamo.ro\/wp-content\/themes\/impeka\/images\/empty\/empty.png\" data-src=\"https:\/\/adamo.ro\/wp-content\/uploads\/2021\/10\/Adamo-About-B-1024x597.jpg\" data-sizes=\"auto\" data-srcset=\"https:\/\/adamo.ro\/wp-content\/uploads\/2021\/10\/Adamo-About-B-1024x597.jpg 1024w, https:\/\/adamo.ro\/wp-content\/uploads\/2021\/10\/Adamo-About-B-300x175.jpg 300w, https:\/\/adamo.ro\/wp-content\/uploads\/2021\/10\/Adamo-About-B-768x448.jpg 768w, https:\/\/adamo.ro\/wp-content\/uploads\/2021\/10\/Adamo-About-B.jpg 1200w\" data-expand=\"1\" \/><\/div><\/div>\t<\/div>\r\n\t<\/div>\r\n<\/div>\r\n[\/vc_column_inner][\/vc_row_inner][vc_row_inner columns_gap=&#8221;10&#8243; equal_column_height=&#8221;equal&#8221;][vc_column_inner width=&#8221;1\/2&#8243; vertical_content_position=&#8221;middle&#8221; grve_css=&#8221;{&#8222;desktop&#8222;:{&#8222;border-top&#8222;:1,&#8222;border-right&#8222;:1,&#8222;border-bottom&#8222;:1,&#8222;border-left&#8222;:1,&#8222;padding-top&#8222;:&#8222;20%&#8222;,&#8222;padding-right&#8222;:&#8222;23%&#8222;,&#8222;padding-bottom&#8222;:&#8222;15%&#8222;,&#8222;padding-left&#8222;:&#8222;23%&#8222;,&#8222;class&#8222;:&#8222;grve-wpb-1629351262134&#8222;},&#8222;mobile_landscape&#8222;:{&#8222;padding-top&#8222;:&#8222;40px&#8222;,&#8222;padding-right&#8222;:&#8222;40px&#8222;,&#8222;padding-bottom&#8222;:&#8222;20px&#8222;,&#8222;padding-left&#8222;:&#8222;40px&#8222;}}&#8221;]<h3 class=\"grve-element grve-animated-text grve-animated-item grve-align-inherit grve-h3 grve-style-2\" data-style=\"style-2\" data-delay=\"0\" data-duration=\"normal\"><span class=\"grve-animated-entry\"><span class=\"grve-line\">Sim\u021bi\u021bi<\/span><\/span><span class=\"grve-animated-entry\"><span class=\"grve-line\">bucuria de a fi<\/span><\/span><\/h3><div data-animation=\"fade-in-right\" data-delay=\"300\" data-duration=\"normal\" class=\"grve-element grve-divider grve-animated-item\" style=\"padding-bottom: 20px;\"><span class=\"grve-custom-divider grve-bg-primary-1 grve-align-left\" style=\"width: 20%;height: 1px;\"><\/span><\/div>[vc_column_text text_style=&#8221;leader-text&#8221; animation=&#8221;fade-in-up&#8221; animation_delay=&#8221;300&#8243;]\u00cen seri cu adev\u0103rat speciale, vom aduce bucurie sufletului cu sesiuni de muzic\u0103 lounge live.<br \/>\nTot ce v\u0103 r\u0103m\u00e2ne de f\u0103cut este s\u0103 completa\u021bi experien\u021ba de dining cu vinuri atent selectate sau cocktailuri rafinate. Suntem convin\u0219i c\u0103 ve\u021bi \u00eendr\u0103gosti de ambian\u021ba \u0219i spiritul mediteranean al locului \u0219i c\u0103 ve\u021bi \u00eendr\u0103gi fiecare moment Adamo.[\/vc_column_text]<div class=\"grve-empty-space grve-height-1x\"><\/div>[\/vc_column_inner][vc_column_inner width=&#8221;1\/2&#8243; grve_css=&#8221;{&#8222;desktop&#8222;:{&#8222;margin-top&#8222;:&#8222;10px&#8222;,&#8222;padding-bottom&#8222;:&#8222;10px&#8222;,&#8222;class&#8222;:&#8222;grve-wpb-1620954397206&#8222;}}&#8221;]<div data-animation=\"fade-in-right\" data-delay=\"500\" data-duration=\"normal\" class=\"grve-element grve-image grve-align-center grve-animated-item grve-image-space-100 grve-image-expand-width\">\r\n\t<div class=\"grve-image-item\">\r\n\t\t\r\n\r\n<div class=\"grve-image-wrapper grve-no-effect\">\r\n\t\t<div class=\"grve-thumbnail-wrapper\"><div class=\"grve-thumbnail\"  style=\"padding-top: 58.301%;\"><img loading=\"lazy\" decoding=\"async\" width=\"1024\" height=\"597\" src=\"https:\/\/adamo.ro\/wp-content\/uploads\/2021\/10\/Adamo-About-C-1024x597.jpg\" class=\"attachment-large size-large grve-lazy-load lazyload\" alt=\"\" data-column-space=\"100\" data-lazyload=\"\" data-grve-filter=\"yes\" srcset=\"https:\/\/adamo.ro\/wp-content\/themes\/impeka\/images\/empty\/empty.png\" data-src=\"https:\/\/adamo.ro\/wp-content\/uploads\/2021\/10\/Adamo-About-C-1024x597.jpg\" data-sizes=\"auto\" data-srcset=\"https:\/\/adamo.ro\/wp-content\/uploads\/2021\/10\/Adamo-About-C-1024x597.jpg 1024w, https:\/\/adamo.ro\/wp-content\/uploads\/2021\/10\/Adamo-About-C-300x175.jpg 300w, https:\/\/adamo.ro\/wp-content\/uploads\/2021\/10\/Adamo-About-C-768x448.jpg 768w, https:\/\/adamo.ro\/wp-content\/uploads\/2021\/10\/Adamo-About-C.jpg 1200w\" data-expand=\"1\" \/><\/div><\/div>\t<\/div>\r\n\t<\/div>\r\n<\/div>\r\n[\/vc_column_inner][\/vc_row_inner][\/vc_column][\/vc_row]<\/p>\n<\/div>","protected":false},"excerpt":{"rendered":"<p>Our goal has always been to motivate, encourage and release our fellow creatives to do their thing, so we\u2019ve lovingly crafted a theme that is both super easy to use and packed full of endless possibilities.<\/p>\n","protected":false},"author":1,"featured_media":9775,"parent":0,"menu_order":0,"comment_status":"closed","ping_status":"closed","template":"","meta":{"inline_featured_image":false,"footnotes":""},"class_list":["post-9216","page","type-page","status-publish","has-post-thumbnail","hentry","grve-entry-item"],"yoast_head":"<!-- This site is optimized with the Yoast SEO plugin v27.0 - https:\/\/yoast.com\/product\/yoast-seo-wordpress\/ -->\n<title>Despre | Adamo<\/title>\n<meta name=\"description\" content=\"Celebr\u0103m diversitatea, opulen\u021ba \u0219i mo\u0219tenirea gastronomic\u0103 a regiunii mediteraneene.\" \/>\n<meta name=\"robots\" content=\"index, follow, max-snippet:-1, max-image-preview:large, max-video-preview:-1\" \/>\n<link rel=\"canonical\" href=\"https:\/\/adamo.ro\/ro\/despre\/\" \/>\n<meta property=\"og:locale\" content=\"ro_RO\" \/>\n<meta property=\"og:type\" content=\"article\" \/>\n<meta property=\"og:title\" content=\"Despre | Adamo\" \/>\n<meta property=\"og:description\" content=\"Celebr\u0103m diversitatea, opulen\u021ba \u0219i mo\u0219tenirea gastronomic\u0103 a regiunii mediteraneene.\" \/>\n<meta property=\"og:url\" content=\"https:\/\/adamo.ro\/ro\/despre\/\" \/>\n<meta property=\"og:site_name\" content=\"Adamo\" \/>\n<meta property=\"article:publisher\" content=\"https:\/\/www.facebook.com\/adamo\" \/>\n<meta property=\"article:modified_time\" content=\"2022-09-09T20:05:04+00:00\" \/>\n<meta property=\"og:image\" content=\"https:\/\/adamo.ro\/wp-content\/uploads\/2021\/11\/about-min.jpg\" \/>\n\t<meta property=\"og:image:width\" content=\"1920\" \/>\n\t<meta property=\"og:image:height\" content=\"1080\" \/>\n\t<meta property=\"og:image:type\" content=\"image\/jpeg\" \/>\n<meta name=\"twitter:card\" content=\"summary_large_image\" \/>\n<meta name=\"twitter:label1\" content=\"Timp estimat pentru citire\" \/>\n\t<meta name=\"twitter:data1\" content=\"2 minute\" \/>\n<script type=\"application\/ld+json\" class=\"yoast-schema-graph\">{\"@context\":\"https:\/\/schema.org\",\"@graph\":[{\"@type\":\"WebPage\",\"@id\":\"https:\/\/adamo.ro\/ro\/despre\/\",\"url\":\"https:\/\/adamo.ro\/ro\/despre\/\",\"name\":\"Despre | Adamo\",\"isPartOf\":{\"@id\":\"https:\/\/adamo.ro\/ro\/#website\"},\"primaryImageOfPage\":{\"@id\":\"https:\/\/adamo.ro\/ro\/despre\/#primaryimage\"},\"image\":{\"@id\":\"https:\/\/adamo.ro\/ro\/despre\/#primaryimage\"},\"thumbnailUrl\":\"https:\/\/adamo.ro\/wp-content\/uploads\/2021\/11\/about-min.jpg\",\"datePublished\":\"2020-08-28T10:05:43+00:00\",\"dateModified\":\"2022-09-09T20:05:04+00:00\",\"description\":\"Celebr\u0103m diversitatea, opulen\u021ba \u0219i mo\u0219tenirea gastronomic\u0103 a regiunii mediteraneene.\",\"breadcrumb\":{\"@id\":\"https:\/\/adamo.ro\/ro\/despre\/#breadcrumb\"},\"inLanguage\":\"ro-RO\",\"potentialAction\":[{\"@type\":\"ReadAction\",\"target\":[\"https:\/\/adamo.ro\/ro\/despre\/\"]}]},{\"@type\":\"ImageObject\",\"inLanguage\":\"ro-RO\",\"@id\":\"https:\/\/adamo.ro\/ro\/despre\/#primaryimage\",\"url\":\"https:\/\/adamo.ro\/wp-content\/uploads\/2021\/11\/about-min.jpg\",\"contentUrl\":\"https:\/\/adamo.ro\/wp-content\/uploads\/2021\/11\/about-min.jpg\",\"width\":1920,\"height\":1080,\"caption\":\"About-Adamo\"},{\"@type\":\"BreadcrumbList\",\"@id\":\"https:\/\/adamo.ro\/ro\/despre\/#breadcrumb\",\"itemListElement\":[{\"@type\":\"ListItem\",\"position\":1,\"name\":\"Home\",\"item\":\"https:\/\/adamo.ro\/ro\/\"},{\"@type\":\"ListItem\",\"position\":2,\"name\":\"Despre\"}]},{\"@type\":\"WebSite\",\"@id\":\"https:\/\/adamo.ro\/ro\/#website\",\"url\":\"https:\/\/adamo.ro\/ro\/\",\"name\":\"Adamo\",\"description\":\"Restaurant\",\"publisher\":{\"@id\":\"https:\/\/adamo.ro\/ro\/#organization\"},\"potentialAction\":[{\"@type\":\"SearchAction\",\"target\":{\"@type\":\"EntryPoint\",\"urlTemplate\":\"https:\/\/adamo.ro\/ro\/?s={search_term_string}\"},\"query-input\":{\"@type\":\"PropertyValueSpecification\",\"valueRequired\":true,\"valueName\":\"search_term_string\"}}],\"inLanguage\":\"ro-RO\"},{\"@type\":\"Organization\",\"@id\":\"https:\/\/adamo.ro\/ro\/#organization\",\"name\":\"Adamo\",\"url\":\"https:\/\/adamo.ro\/ro\/\",\"logo\":{\"@type\":\"ImageObject\",\"inLanguage\":\"ro-RO\",\"@id\":\"https:\/\/adamo.ro\/ro\/#\/schema\/logo\/image\/\",\"url\":\"https:\/\/adamo.ro\/wp-content\/uploads\/2021\/05\/Logo-Adamo-Negru.png\",\"contentUrl\":\"https:\/\/adamo.ro\/wp-content\/uploads\/2021\/05\/Logo-Adamo-Negru.png\",\"width\":512,\"height\":263,\"caption\":\"Adamo\"},\"image\":{\"@id\":\"https:\/\/adamo.ro\/ro\/#\/schema\/logo\/image\/\"},\"sameAs\":[\"https:\/\/www.facebook.com\/adamo\",\"https:\/\/www.instagram.com\/adamo\/\"]}]}<\/script>\n<!-- \/ Yoast SEO plugin. -->","yoast_head_json":{"title":"Despre | Adamo","description":"Celebr\u0103m diversitatea, opulen\u021ba \u0219i mo\u0219tenirea gastronomic\u0103 a regiunii mediteraneene.","robots":{"index":"index","follow":"follow","max-snippet":"max-snippet:-1","max-image-preview":"max-image-preview:large","max-video-preview":"max-video-preview:-1"},"canonical":"https:\/\/adamo.ro\/ro\/despre\/","og_locale":"ro_RO","og_type":"article","og_title":"Despre | Adamo","og_description":"Celebr\u0103m diversitatea, opulen\u021ba \u0219i mo\u0219tenirea gastronomic\u0103 a regiunii mediteraneene.","og_url":"https:\/\/adamo.ro\/ro\/despre\/","og_site_name":"Adamo","article_publisher":"https:\/\/www.facebook.com\/adamo","article_modified_time":"2022-09-09T20:05:04+00:00","og_image":[{"width":1920,"height":1080,"url":"https:\/\/adamo.ro\/wp-content\/uploads\/2021\/11\/about-min.jpg","type":"image\/jpeg"}],"twitter_card":"summary_large_image","twitter_misc":{"Timp estimat pentru citire":"2 minute"},"schema":{"@context":"https:\/\/schema.org","@graph":[{"@type":"WebPage","@id":"https:\/\/adamo.ro\/ro\/despre\/","url":"https:\/\/adamo.ro\/ro\/despre\/","name":"Despre | Adamo","isPartOf":{"@id":"https:\/\/adamo.ro\/ro\/#website"},"primaryImageOfPage":{"@id":"https:\/\/adamo.ro\/ro\/despre\/#primaryimage"},"image":{"@id":"https:\/\/adamo.ro\/ro\/despre\/#primaryimage"},"thumbnailUrl":"https:\/\/adamo.ro\/wp-content\/uploads\/2021\/11\/about-min.jpg","datePublished":"2020-08-28T10:05:43+00:00","dateModified":"2022-09-09T20:05:04+00:00","description":"Celebr\u0103m diversitatea, opulen\u021ba \u0219i mo\u0219tenirea gastronomic\u0103 a regiunii mediteraneene.","breadcrumb":{"@id":"https:\/\/adamo.ro\/ro\/despre\/#breadcrumb"},"inLanguage":"ro-RO","potentialAction":[{"@type":"ReadAction","target":["https:\/\/adamo.ro\/ro\/despre\/"]}]},{"@type":"ImageObject","inLanguage":"ro-RO","@id":"https:\/\/adamo.ro\/ro\/despre\/#primaryimage","url":"https:\/\/adamo.ro\/wp-content\/uploads\/2021\/11\/about-min.jpg","contentUrl":"https:\/\/adamo.ro\/wp-content\/uploads\/2021\/11\/about-min.jpg","width":1920,"height":1080,"caption":"About-Adamo"},{"@type":"BreadcrumbList","@id":"https:\/\/adamo.ro\/ro\/despre\/#breadcrumb","itemListElement":[{"@type":"ListItem","position":1,"name":"Home","item":"https:\/\/adamo.ro\/ro\/"},{"@type":"ListItem","position":2,"name":"Despre"}]},{"@type":"WebSite","@id":"https:\/\/adamo.ro\/ro\/#website","url":"https:\/\/adamo.ro\/ro\/","name":"Adamo","description":"Restaurant","publisher":{"@id":"https:\/\/adamo.ro\/ro\/#organization"},"potentialAction":[{"@type":"SearchAction","target":{"@type":"EntryPoint","urlTemplate":"https:\/\/adamo.ro\/ro\/?s={search_term_string}"},"query-input":{"@type":"PropertyValueSpecification","valueRequired":true,"valueName":"search_term_string"}}],"inLanguage":"ro-RO"},{"@type":"Organization","@id":"https:\/\/adamo.ro\/ro\/#organization","name":"Adamo","url":"https:\/\/adamo.ro\/ro\/","logo":{"@type":"ImageObject","inLanguage":"ro-RO","@id":"https:\/\/adamo.ro\/ro\/#\/schema\/logo\/image\/","url":"https:\/\/adamo.ro\/wp-content\/uploads\/2021\/05\/Logo-Adamo-Negru.png","contentUrl":"https:\/\/adamo.ro\/wp-content\/uploads\/2021\/05\/Logo-Adamo-Negru.png","width":512,"height":263,"caption":"Adamo"},"image":{"@id":"https:\/\/adamo.ro\/ro\/#\/schema\/logo\/image\/"},"sameAs":["https:\/\/www.facebook.com\/adamo","https:\/\/www.instagram.com\/adamo\/"]}]}},"_links":{"self":[{"href":"https:\/\/adamo.ro\/ro\/wp-json\/wp\/v2\/pages\/9216","targetHints":{"allow":["GET"]}}],"collection":[{"href":"https:\/\/adamo.ro\/ro\/wp-json\/wp\/v2\/pages"}],"about":[{"href":"https:\/\/adamo.ro\/ro\/wp-json\/wp\/v2\/types\/page"}],"author":[{"embeddable":true,"href":"https:\/\/adamo.ro\/ro\/wp-json\/wp\/v2\/users\/1"}],"replies":[{"embeddable":true,"href":"https:\/\/adamo.ro\/ro\/wp-json\/wp\/v2\/comments?post=9216"}],"version-history":[{"count":0,"href":"https:\/\/adamo.ro\/ro\/wp-json\/wp\/v2\/pages\/9216\/revisions"}],"wp:featuredmedia":[{"embeddable":true,"href":"https:\/\/adamo.ro\/ro\/wp-json\/wp\/v2\/media\/9775"}],"wp:attachment":[{"href":"https:\/\/adamo.ro\/ro\/wp-json\/wp\/v2\/media?parent=9216"}],"curies":[{"name":"wp","href":"https:\/\/api.w.org\/{rel}","templated":true}]}}