{"id":9673,"date":"2021-10-09T03:27:54","date_gmt":"2021-10-09T03:27:54","guid":{"rendered":"https:\/\/adamo.ro\/reservation\/"},"modified":"2022-09-09T20:17:14","modified_gmt":"2022-09-09T20:17:14","slug":"reservation","status":"publish","type":"page","link":"https:\/\/adamo.ro\/ro\/reservation\/","title":{"rendered":"Rezervare"},"content":{"rendered":"<div class=\"wpb-content-wrapper\"><p>[vc_row section_type=&#8221;fullwidth&#8221; padding_top_multiplier=&#8221;&#8221; padding_bottom_multiplier=&#8221;4x&#8221; rc_heading_color=&#8221;white&#8221; rc_link_color=&#8221;white&#8221; rc_bg_type=&#8221;image&#8221; rc_bg_image=&#8221;9684&#8243; rc_bg_color_overlay=&#8221;primary-1&#8243; rc_bg_opacity_overlay=&#8221;80&#8243; separator_bottom=&#8221;wave-right-separator&#8221; separator_bottom_size=&#8221;10%&#8221; rc_font_color=&#8221;#f2f2f2&#8243; rc_bg_color=&#8221;#393b3e&#8221;][vc_column vertical_content_position=&#8221;middle&#8221; text_align=&#8221;center&#8221; grve_css=&#8221;{&#8222;desktop&#8222;:{&#8222;padding-top&#8222;:&#8222;140px&#8222;,&#8222;class&#8222;:&#8222;grve-wpb-1633772318007&#8222;},&#8222;mobile_landscape&#8222;:{&#8222;padding-top&#8222;:&#8222;100px&#8222;}}&#8221;]<h3 class=\"grve-element grve-title grve-align-inherit grve-h3 grve-title grve-feature-title grve-text-white grve-title-animation-item\"><span>Rezervare<\/span><\/h3>[\/vc_column][vc_column width=&#8221;1\/4&#8243; mobile_width=&#8221;1&#8243;][\/vc_column][vc_column width=&#8221;1\/2&#8243; vertical_content_position=&#8221;middle&#8221; full_height=&#8221;yes&#8221; rc_heading_color=&#8221;light-grey&#8221; animation=&#8221;clipping&#8221; animation_duration=&#8221;slow&#8221; mobile_width=&#8221;4-5&#8243; rc_font_color=&#8221;#f2f2f2&#8243; grve_css=&#8221;{&#8222;desktop&#8222;:{&#8222;margin-right&#8222;:&#8222;0&#8222;,&#8222;margin-left&#8222;:&#8222;0&#8222;,&#8222;padding-top&#8222;:&#8222;20px&#8222;,&#8222;class&#8222;:&#8222;grve-wpb-1633772343674&#8222;},&#8222;mobile_landscape&#8222;:{&#8222;margin-right&#8222;:&#8222;40&#8222;,&#8222;margin-left&#8222;:&#8222;40&#8222;,&#8222;padding-top&#8222;:&#8222;0px&#8222;}}&#8221;]<div class=\"grve-element grve-image grve-align-center\">\r\n\t<div class=\"grve-image-item\">\r\n\t\t\r\n\r\n<div class=\"grve-image-wrapper grve-no-effect\">\r\n\t\t<div class=\"grve-thumbnail-wrapper\"  style=\"width: 150px;\"><div class=\"grve-thumbnail\"  style=\"padding-top: 100%;\"><img loading=\"lazy\" decoding=\"async\" width=\"150\" height=\"150\" src=\"https:\/\/adamo.ro\/wp-content\/uploads\/2021\/05\/adamo-head-alb.svg\" class=\"attachment-thumbnail size-thumbnail grve-lazy-load lazyload\" alt=\"\" data-column-space=\"auto\" data-lazyload=\"\" data-grve-filter=\"yes\" data-src=\"https:\/\/adamo.ro\/wp-content\/uploads\/2021\/05\/adamo-head-alb.svg\" data-sizes=\"auto\" data-srcset=\"\" data-expand=\"1\" \/><\/div><\/div>\t<\/div>\r\n\t<\/div>\r\n<\/div>\r\n<h5 class=\"grve-element grve-title grve-align-inherit grve-h5\"><span>V\u0103 rug\u0103m s\u0103 completa\u021bi formularul de rezervare de mai jos \u0219i v\u0103 vom contacta c\u00e2t mai cur\u00e2nd posibil pentru confirmare.<\/span><\/h5><div class=\"grve-element grve-divider\" style=\"padding-top: 16px;padding-bottom: 32px;\"><span class=\"grve-custom-divider grve-bg-light-grey grve-align-center\" style=\"width: 200px;height: 1px;\"><\/span><\/div>[vc_column_text]<div id=\"quform-f7a1dc\" class=\"quform quform-4 quform-support-page-caching\"><form id=\"quform-form-f7a1dc\" class=\"quform-form quform-form-4\" action=\"\/ro\/wp-json\/wp\/v2\/pages\/9673#quform-f7a1dc\" method=\"post\" enctype=\"multipart\/form-data\" novalidate=\"novalidate\" data-options=\"{&quot;id&quot;:4,&quot;uniqueId&quot;:&quot;f7a1dc&quot;,&quot;theme&quot;:&quot;&quot;,&quot;ajax&quot;:true,&quot;logic&quot;:{&quot;logic&quot;:[],&quot;dependents&quot;:[],&quot;elementIds&quot;:[],&quot;dependentElementIds&quot;:[],&quot;animate&quot;:true},&quot;currentPageId&quot;:1,&quot;errorsIcon&quot;:&quot;&quot;,&quot;updateFancybox&quot;:true,&quot;hasPages&quot;:false,&quot;pages&quot;:[1],&quot;pageProgressType&quot;:&quot;numbers&quot;,&quot;tooltipsEnabled&quot;:true,&quot;tooltipClasses&quot;:&quot;qtip-quform-dark qtip-shadow&quot;,&quot;tooltipMy&quot;:&quot;left center&quot;,&quot;tooltipAt&quot;:&quot;right center&quot;,&quot;isRtl&quot;:false,&quot;scrollOffset&quot;:-50,&quot;scrollSpeed&quot;:800}\"><button class=\"quform-default-submit\" name=\"quform_submit\" type=\"submit\" value=\"submit\" aria-hidden=\"true\" tabindex=\"-1\"><\/button><div class=\"quform-form-inner quform-form-inner-4\"><input type=\"hidden\" name=\"quform_form_id\" value=\"4\" \/><input type=\"hidden\" name=\"quform_form_uid\" value=\"f7a1dc\" \/><input type=\"hidden\" name=\"quform_count\" value=\"1\" \/><input type=\"hidden\" name=\"form_url\" value=\"https:\/\/adamo.ro\/ro\/wp-json\/wp\/v2\/pages\/9673\" \/><input type=\"hidden\" name=\"referring_url\" value=\"\" \/><input type=\"hidden\" name=\"post_id\" value=\"\" \/><input type=\"hidden\" name=\"post_title\" value=\"\" \/><input type=\"hidden\" name=\"quform_current_page_id\" value=\"1\" \/><input type=\"hidden\" name=\"quform_loaded\" value=\"1778063357|9bd899e7e0a353765b10896240fde2d0\" \/><input type=\"hidden\" name=\"quform_csrf_token\" value=\"eojtNoC0rOrwYU2nbfzgDeKHR3NfRUPO2kHhlQTd\" \/><div class=\"quform-elements quform-elements-4 quform-cf quform-responsive-elements-phone-landscape\"><div class=\"quform-element quform-element-page quform-page-1 quform-page-4_1 quform-cf quform-group-style-plain quform-first-page quform-last-page quform-current-page\"><div class=\"quform-child-elements\"><div class=\"quform-element quform-element-row quform-element-row-4_5 quform-2-columns quform-element-row-size-fixed quform-responsive-columns-phone-landscape\"><div class=\"quform-element quform-element-column quform-element-4_6\"><div class=\"quform-element quform-element-text quform-element-4_8 quform-cf quform-element-required\"><div class=\"quform-spacer\"><div class=\"quform-label quform-label-4_8\"><label class=\"quform-label-text\" for=\"quform_4_8_f7a1dc\">Numele Dvs.<span class=\"quform-required\">*<\/span><\/label><\/div><div class=\"quform-inner quform-inner-text quform-inner-4_8\"><div class=\"quform-input quform-input-text quform-input-4_8 quform-cf\"><input type=\"text\" id=\"quform_4_8_f7a1dc\" name=\"quform_4_8\" class=\"quform-field quform-field-text quform-field-4_8\" placeholder=\"Numele Dvs.\" \/><\/div><\/div><\/div><\/div><\/div><div class=\"quform-element quform-element-column quform-element-4_12\"><div class=\"quform-element quform-element-text quform-element-4_3 quform-cf quform-element-required\"><div class=\"quform-spacer\"><div class=\"quform-label quform-label-4_3\"><label class=\"quform-label-text\" for=\"quform_4_3_f7a1dc\">Email-ul Dvs.<span class=\"quform-required\">*<\/span><\/label><\/div><div class=\"quform-inner quform-inner-text quform-inner-4_3\"><div class=\"quform-input quform-input-text quform-input-4_3 quform-cf\"><input type=\"text\" id=\"quform_4_3_f7a1dc\" name=\"quform_4_3\" class=\"quform-field quform-field-text quform-field-4_3\" placeholder=\"Email-ul Dvs.\" \/><\/div><\/div><\/div><\/div><\/div><\/div><div class=\"quform-element quform-element-row quform-element-row-4_17 quform-2-columns quform-element-row-size-fixed quform-responsive-columns-phone-landscape\"><div class=\"quform-element quform-element-column quform-element-4_18\"><div class=\"quform-element quform-element-text quform-element-4_13 quform-cf quform-element-required\"><div class=\"quform-spacer\"><div class=\"quform-label quform-label-4_13\"><label class=\"quform-label-text\" for=\"quform_4_13_f7a1dc\">Num\u0103rul Dvs. de Telefon<span class=\"quform-required\">*<\/span><\/label><\/div><div class=\"quform-inner quform-inner-text quform-inner-4_13\"><div class=\"quform-input quform-input-text quform-input-4_13 quform-cf\"><input type=\"text\" id=\"quform_4_13_f7a1dc\" name=\"quform_4_13\" class=\"quform-field quform-field-text quform-field-4_13\" placeholder=\"Num\u0103rul Dvs. de Telefon\" \/><\/div><\/div><\/div><\/div><\/div><div class=\"quform-element quform-element-column quform-element-4_19\"><div class=\"quform-element quform-element-date quform-element-4_4 quform-cf quform-element-required\"><div class=\"quform-spacer\"><div class=\"quform-label quform-label-4_4\"><label class=\"quform-label-text\" for=\"quform_4_4_f7a1dc\">Data<span class=\"quform-required\">*<\/span><\/label><\/div><div class=\"quform-inner quform-inner-date quform-inner-4_4\"><div class=\"quform-input quform-input-date quform-input-4_4 quform-cf quform-has-field-icon-right\"><input type=\"text\" id=\"quform_4_4_f7a1dc\" name=\"quform_4_4\" class=\"quform-field quform-field-date quform-field-4_4\" placeholder=\"YYYY-MM-DD\" data-options=\"{&quot;format&quot;:&quot;&quot;,&quot;min&quot;:&quot;2026-05-06&quot;,&quot;max&quot;:&quot;&quot;,&quot;start&quot;:&quot;month&quot;,&quot;depth&quot;:&quot;month&quot;,&quot;showFooter&quot;:false,&quot;locale&quot;:&quot;ro-RO&quot;,&quot;placeholder&quot;:&quot;&quot;,&quot;autoOpen&quot;:true,&quot;identifier&quot;:&quot;4_4&quot;}\" value=\"2026-05-06\" \/><span class=\"quform-field-icon quform-field-icon-right\"><i class=\"qicon-calendar\"><\/i><\/span><\/div><\/div><\/div><\/div><\/div><\/div><div class=\"quform-element quform-element-row quform-element-row-4_20 quform-2-columns quform-element-row-size-fixed quform-responsive-columns-phone-landscape\"><div class=\"quform-element quform-element-column quform-element-4_21\"><div class=\"quform-element quform-element-time quform-element-4_14 quform-cf quform-element-required\"><div class=\"quform-spacer\"><div class=\"quform-label quform-label-4_14\"><label class=\"quform-label-text\" for=\"quform_4_14_f7a1dc\">Ora<span class=\"quform-required\">*<\/span><\/label><\/div><div class=\"quform-inner quform-inner-time quform-inner-4_14\"><div class=\"quform-input quform-input-time quform-input-4_14 quform-cf quform-has-field-icon-right\"><input type=\"text\" id=\"quform_4_14_f7a1dc\" name=\"quform_4_14\" class=\"quform-field quform-field-time quform-field-4_14\" placeholder=\"HH:MM\" data-options=\"{&quot;min&quot;:&quot;11:00&quot;,&quot;max&quot;:&quot;23:30&quot;,&quot;interval&quot;:&quot;30&quot;,&quot;locale&quot;:&quot;ro-RO&quot;,&quot;format&quot;:&quot;&quot;,&quot;placeholder&quot;:&quot;Please select...&quot;,&quot;autoOpen&quot;:true,&quot;identifier&quot;:&quot;4_14&quot;}\" value=\"12:30\" \/><span class=\"quform-field-icon quform-field-icon-right\"><i class=\"qicon-schedule\"><\/i><\/span><\/div><\/div><\/div><\/div><\/div><div class=\"quform-element quform-element-column quform-element-4_22\"><div class=\"quform-element quform-element-radio quform-element-4_16 quform-cf quform-element-required\"><div class=\"quform-spacer\"><div class=\"quform-label quform-label-4_16\"><label class=\"quform-label-text\" id=\"quform_4_16_f7a1dc_label\">Numar de participan\u021bii<span class=\"quform-required\">*<\/span><\/label><\/div><div class=\"quform-inner quform-inner-radio quform-inner-4_16\"><div class=\"quform-input quform-input-radio quform-input-4_16 quform-cf\"><div class=\"quform-options quform-cf quform-options-inline quform-options-style-button quform-button-style-theme quform-button-icon-left\" role=\"radiogroup\" aria-labelledby=\"quform_4_16_f7a1dc_label\"><div class=\"quform-option\"><input type=\"radio\" name=\"quform_4_16\" id=\"quform_4_16_f7a1dc_1\" class=\"quform-field quform-field-radio quform-field-4_16 quform-field-4_16_1\" value=\"1\" \/><label for=\"quform_4_16_f7a1dc_1\" class=\"quform-option-label quform-option-label-4_16_1\"><span class=\"quform-option-text\">1<\/span><\/label><\/div><div class=\"quform-option\"><input type=\"radio\" name=\"quform_4_16\" id=\"quform_4_16_f7a1dc_2\" class=\"quform-field quform-field-radio quform-field-4_16 quform-field-4_16_2\" value=\"2\" \/><label for=\"quform_4_16_f7a1dc_2\" class=\"quform-option-label quform-option-label-4_16_2\"><span class=\"quform-option-text\">2<\/span><\/label><\/div><div class=\"quform-option\"><input type=\"radio\" name=\"quform_4_16\" id=\"quform_4_16_f7a1dc_3\" class=\"quform-field quform-field-radio quform-field-4_16 quform-field-4_16_3\" value=\"3\" \/><label for=\"quform_4_16_f7a1dc_3\" class=\"quform-option-label quform-option-label-4_16_3\"><span class=\"quform-option-text\">3<\/span><\/label><\/div><div class=\"quform-option\"><input type=\"radio\" name=\"quform_4_16\" id=\"quform_4_16_f7a1dc_9\" class=\"quform-field quform-field-radio quform-field-4_16 quform-field-4_16_9\" value=\"4\" \/><label for=\"quform_4_16_f7a1dc_9\" class=\"quform-option-label quform-option-label-4_16_9\"><span class=\"quform-option-text\">4<\/span><\/label><\/div><div class=\"quform-option\"><input type=\"radio\" name=\"quform_4_16\" id=\"quform_4_16_f7a1dc_8\" class=\"quform-field quform-field-radio quform-field-4_16 quform-field-4_16_8\" value=\"6\" \/><label for=\"quform_4_16_f7a1dc_8\" class=\"quform-option-label quform-option-label-4_16_8\"><span class=\"quform-option-text\">6<\/span><\/label><\/div><div class=\"quform-option\"><input type=\"radio\" name=\"quform_4_16\" id=\"quform_4_16_f7a1dc_7\" class=\"quform-field quform-field-radio quform-field-4_16 quform-field-4_16_7\" value=\"8\" \/><label for=\"quform_4_16_f7a1dc_7\" class=\"quform-option-label quform-option-label-4_16_7\"><span class=\"quform-option-text\">8<\/span><\/label><\/div><div class=\"quform-option\"><input type=\"radio\" name=\"quform_4_16\" id=\"quform_4_16_f7a1dc_4\" class=\"quform-field quform-field-radio quform-field-4_16 quform-field-4_16_4\" value=\"+\" \/><label for=\"quform_4_16_f7a1dc_4\" class=\"quform-option-label quform-option-label-4_16_4\"><span class=\"quform-option-text\">+<\/span><\/label><\/div><\/div><\/div><\/div><\/div><\/div><\/div><\/div><div class=\"quform-element quform-element-textarea quform-element-4_288259 quform-sr-only quform-cf\" style=\"clip: rect(1px, 1px, 1px, 1px); clip-path: inset(50%); position: absolute !important; height: 1px; width: 1px; overflow: hidden;\"><div class=\"quform-spacer\"><div class=\"quform-label quform-label-4_288259\"><label class=\"quform-label-text\" for=\"quform_4_288259_f7a1dc\">Company Name<span class=\"quform-required\">*<\/span><\/label><\/div><div class=\"quform-inner quform-inner-4_288259\"><textarea id=\"quform_4_288259_f7a1dc\" name=\"quform_4_288259\" class=\"quform-field quform-field-textarea quform-field-4_288259\" tabindex=\"-1\" autocomplete=\"new-password\"><\/textarea><\/div><\/div><\/div><div class=\"quform-element quform-element-row quform-element-row-4_28 quform-3-columns quform-element-row-size-fixed quform-responsive-columns-phone-landscape\"><div class=\"quform-element quform-element-column quform-element-4_29\"><\/div><div class=\"quform-element quform-element-column quform-element-4_30\"><div class=\"quform-element quform-element-checkbox quform-element-4_23 quform-cf quform-element-required policy\"><div class=\"quform-spacer\"><div class=\"quform-inner quform-inner-checkbox quform-inner-4_23\"><div class=\"quform-input quform-input-checkbox quform-input-4_23 quform-cf\"><div class=\"quform-options quform-cf quform-options-block quform-options-simple\"><div class=\"quform-option\"><input type=\"checkbox\" name=\"quform_4_23[]\" id=\"quform_4_23_f7a1dc_1\" class=\"quform-field quform-field-checkbox quform-field-4_23 quform-field-4_23_1\" value=\"yes\" checked \/><label for=\"quform_4_23_f7a1dc_1\" class=\"quform-option-label quform-option-label-4_23_1\"><span class=\"quform-option-text\">Prin utilizarea acestui formular de rezervare sunt de acord cu stocarea \u0219i manipularea datelor dvs. de c\u0103tre site-ul nostru web \u00een conformitate cu <a href=\"\/ro\/politica-de-confidentialitate\/\" target=\"_blank\" class=\"privacy\"> Politica de confiden\u021bialitate <\/a>.<\/span><\/label><\/div><\/div><\/div><\/div><\/div><\/div><div class=\"quform-element quform-element-submit quform-element-4_2 quform-cf quform-button-style-theme quform-button-size-medium quform-button-width-full\"><div class=\"quform-button-submit quform-button-submit-default quform-button-submit-4_2\"><button name=\"quform_submit\" type=\"submit\" class=\"quform-submit\" value=\"submit\"><span class=\"quform-button-text quform-button-submit-text\">Rezerva\u021bi<\/span><\/button><\/div><div class=\"quform-loading quform-loading-position-left quform-loading-type-spinner-1\"><div class=\"quform-loading-inner\"><div class=\"quform-loading-spinner\"><div class=\"quform-loading-spinner-inner\"><\/div><\/div><\/div><\/div><\/div><\/div><div class=\"quform-element quform-element-column quform-element-4_31\"><\/div><\/div><\/div><\/div><\/div><\/div><\/form><\/div>[\/vc_column_text]<div class=\"grve-empty-space grve-height-1x\"><\/div>[\/vc_column][vc_column width=&#8221;1\/4&#8243;][\/vc_column][\/vc_row]<\/p>\n<\/div>","protected":false},"excerpt":{"rendered":"<p>[vc_row section_type=&#8221;fullwidth&#8221; padding_top_multiplier=&#8221;&#8221; padding_bottom_multiplier=&#8221;4x&#8221; rc_heading_color=&#8221;white&#8221; rc_link_color=&#8221;white&#8221; rc_bg_type=&#8221;image&#8221; rc_bg_image=&#8221;9684&#8243; rc_bg_color_overlay=&#8221;primary-1&#8243; rc_bg_opacity_overlay=&#8221;80&#8243; separator_bottom=&#8221;wave-right-separator&#8221; separator_bottom_size=&#8221;10%&#8221; rc_font_color=&#8221;#f2f2f2&#8243; rc_bg_color=&#8221;#393b3e&#8221;][vc_column vertical_content_position=&#8221;middle&#8221; text_align=&#8221;center&#8221; grve_css=&#8221;{&#8222;desktop&#8222;:{&#8222;padding-top&#8222;:&#8222;140px&#8222;,&#8222;class&#8222;:&#8222;grve-wpb-1633772318007&#8222;},&#8222;mobile_landscape&#8222;:{&#8222;padding-top&#8222;:&#8222;100px&#8222;}}&#8221;][\/vc_column][vc_column width=&#8221;1\/4&#8243; mobile_width=&#8221;1&#8243;][\/vc_column][vc_column width=&#8221;1\/2&#8243; vertical_content_position=&#8221;middle&#8221; full_height=&#8221;yes&#8221; rc_heading_color=&#8221;light-grey&#8221; animation=&#8221;clipping&#8221; animation_duration=&#8221;slow&#8221; mobile_width=&#8221;4-5&#8243; rc_font_color=&#8221;#f2f2f2&#8243; grve_css=&#8221;{&#8222;desktop&#8222;:{&#8222;margin-right&#8222;:&#8222;0&#8222;,&#8222;margin-left&#8222;:&#8222;0&#8222;,&#8222;padding-top&#8222;:&#8222;20px&#8222;,&#8222;class&#8222;:&#8222;grve-wpb-1633772343674&#8222;},&#8222;mobile_landscape&#8222;:{&#8222;margin-right&#8222;:&#8222;40&#8222;,&#8222;margin-left&#8222;:&#8222;40&#8222;,&#8222;padding-top&#8222;:&#8222;0px&#8222;}}&#8221;][vc_column_text][\/vc_column_text][\/vc_column][vc_column width=&#8221;1\/4&#8243;][\/vc_column][\/vc_row]<\/p>\n","protected":false},"author":1,"featured_media":9684,"parent":0,"menu_order":0,"comment_status":"closed","ping_status":"closed","template":"","meta":{"inline_featured_image":false,"footnotes":""},"class_list":["post-9673","page","type-page","status-publish","has-post-thumbnail","hentry","grve-entry-item"],"yoast_head":"<!-- This site is optimized with the Yoast SEO plugin v27.0 - https:\/\/yoast.com\/product\/yoast-seo-wordpress\/ -->\n<title>Rezervare | Adamo<\/title>\n<meta name=\"description\" content=\"Formular online de Rezervare.\" \/>\n<meta name=\"robots\" content=\"index, follow, max-snippet:-1, max-image-preview:large, max-video-preview:-1\" \/>\n<link rel=\"canonical\" href=\"https:\/\/adamo.ro\/ro\/reservation\/\" \/>\n<meta property=\"og:locale\" content=\"ro_RO\" \/>\n<meta property=\"og:type\" content=\"article\" \/>\n<meta property=\"og:title\" content=\"Rezervare | Adamo\" \/>\n<meta property=\"og:description\" content=\"Formular online de Rezervare.\" \/>\n<meta property=\"og:url\" content=\"https:\/\/adamo.ro\/ro\/reservation\/\" \/>\n<meta property=\"og:site_name\" content=\"Adamo\" \/>\n<meta property=\"article:publisher\" content=\"https:\/\/www.facebook.com\/adamo\" \/>\n<meta property=\"article:modified_time\" content=\"2022-09-09T20:17:14+00:00\" \/>\n<meta property=\"og:image\" content=\"https:\/\/adamo.ro\/wp-content\/uploads\/2021\/10\/Adamo-Meniu.jpg\" \/>\n\t<meta property=\"og:image:width\" content=\"1920\" \/>\n\t<meta property=\"og:image:height\" content=\"1080\" \/>\n\t<meta property=\"og:image:type\" content=\"image\/jpeg\" \/>\n<meta name=\"twitter:card\" content=\"summary_large_image\" \/>\n<meta name=\"twitter:label1\" content=\"Timp estimat pentru citire\" \/>\n\t<meta name=\"twitter:data1\" content=\"1 minut\" \/>\n<script type=\"application\/ld+json\" class=\"yoast-schema-graph\">{\"@context\":\"https:\/\/schema.org\",\"@graph\":[{\"@type\":\"WebPage\",\"@id\":\"https:\/\/adamo.ro\/ro\/reservation\/\",\"url\":\"https:\/\/adamo.ro\/ro\/reservation\/\",\"name\":\"Rezervare | Adamo\",\"isPartOf\":{\"@id\":\"https:\/\/adamo.ro\/ro\/#website\"},\"primaryImageOfPage\":{\"@id\":\"https:\/\/adamo.ro\/ro\/reservation\/#primaryimage\"},\"image\":{\"@id\":\"https:\/\/adamo.ro\/ro\/reservation\/#primaryimage\"},\"thumbnailUrl\":\"https:\/\/adamo.ro\/wp-content\/uploads\/2021\/10\/Adamo-Meniu.jpg\",\"datePublished\":\"2021-10-09T03:27:54+00:00\",\"dateModified\":\"2022-09-09T20:17:14+00:00\",\"description\":\"Formular online de Rezervare.\",\"breadcrumb\":{\"@id\":\"https:\/\/adamo.ro\/ro\/reservation\/#breadcrumb\"},\"inLanguage\":\"ro-RO\",\"potentialAction\":[{\"@type\":\"ReadAction\",\"target\":[\"https:\/\/adamo.ro\/ro\/reservation\/\"]}]},{\"@type\":\"ImageObject\",\"inLanguage\":\"ro-RO\",\"@id\":\"https:\/\/adamo.ro\/ro\/reservation\/#primaryimage\",\"url\":\"https:\/\/adamo.ro\/wp-content\/uploads\/2021\/10\/Adamo-Meniu.jpg\",\"contentUrl\":\"https:\/\/adamo.ro\/wp-content\/uploads\/2021\/10\/Adamo-Meniu.jpg\",\"width\":1920,\"height\":1080},{\"@type\":\"BreadcrumbList\",\"@id\":\"https:\/\/adamo.ro\/ro\/reservation\/#breadcrumb\",\"itemListElement\":[{\"@type\":\"ListItem\",\"position\":1,\"name\":\"Home\",\"item\":\"https:\/\/adamo.ro\/ro\/\"},{\"@type\":\"ListItem\",\"position\":2,\"name\":\"Rezervare\"}]},{\"@type\":\"WebSite\",\"@id\":\"https:\/\/adamo.ro\/ro\/#website\",\"url\":\"https:\/\/adamo.ro\/ro\/\",\"name\":\"Adamo\",\"description\":\"Restaurant\",\"publisher\":{\"@id\":\"https:\/\/adamo.ro\/ro\/#organization\"},\"potentialAction\":[{\"@type\":\"SearchAction\",\"target\":{\"@type\":\"EntryPoint\",\"urlTemplate\":\"https:\/\/adamo.ro\/ro\/?s={search_term_string}\"},\"query-input\":{\"@type\":\"PropertyValueSpecification\",\"valueRequired\":true,\"valueName\":\"search_term_string\"}}],\"inLanguage\":\"ro-RO\"},{\"@type\":\"Organization\",\"@id\":\"https:\/\/adamo.ro\/ro\/#organization\",\"name\":\"Adamo\",\"url\":\"https:\/\/adamo.ro\/ro\/\",\"logo\":{\"@type\":\"ImageObject\",\"inLanguage\":\"ro-RO\",\"@id\":\"https:\/\/adamo.ro\/ro\/#\/schema\/logo\/image\/\",\"url\":\"https:\/\/adamo.ro\/wp-content\/uploads\/2021\/05\/Logo-Adamo-Negru.png\",\"contentUrl\":\"https:\/\/adamo.ro\/wp-content\/uploads\/2021\/05\/Logo-Adamo-Negru.png\",\"width\":512,\"height\":263,\"caption\":\"Adamo\"},\"image\":{\"@id\":\"https:\/\/adamo.ro\/ro\/#\/schema\/logo\/image\/\"},\"sameAs\":[\"https:\/\/www.facebook.com\/adamo\",\"https:\/\/www.instagram.com\/adamo\/\"]}]}<\/script>\n<!-- \/ Yoast SEO plugin. -->","yoast_head_json":{"title":"Rezervare | Adamo","description":"Formular online de Rezervare.","robots":{"index":"index","follow":"follow","max-snippet":"max-snippet:-1","max-image-preview":"max-image-preview:large","max-video-preview":"max-video-preview:-1"},"canonical":"https:\/\/adamo.ro\/ro\/reservation\/","og_locale":"ro_RO","og_type":"article","og_title":"Rezervare | Adamo","og_description":"Formular online de Rezervare.","og_url":"https:\/\/adamo.ro\/ro\/reservation\/","og_site_name":"Adamo","article_publisher":"https:\/\/www.facebook.com\/adamo","article_modified_time":"2022-09-09T20:17:14+00:00","og_image":[{"width":1920,"height":1080,"url":"https:\/\/adamo.ro\/wp-content\/uploads\/2021\/10\/Adamo-Meniu.jpg","type":"image\/jpeg"}],"twitter_card":"summary_large_image","twitter_misc":{"Timp estimat pentru citire":"1 minut"},"schema":{"@context":"https:\/\/schema.org","@graph":[{"@type":"WebPage","@id":"https:\/\/adamo.ro\/ro\/reservation\/","url":"https:\/\/adamo.ro\/ro\/reservation\/","name":"Rezervare | Adamo","isPartOf":{"@id":"https:\/\/adamo.ro\/ro\/#website"},"primaryImageOfPage":{"@id":"https:\/\/adamo.ro\/ro\/reservation\/#primaryimage"},"image":{"@id":"https:\/\/adamo.ro\/ro\/reservation\/#primaryimage"},"thumbnailUrl":"https:\/\/adamo.ro\/wp-content\/uploads\/2021\/10\/Adamo-Meniu.jpg","datePublished":"2021-10-09T03:27:54+00:00","dateModified":"2022-09-09T20:17:14+00:00","description":"Formular online de Rezervare.","breadcrumb":{"@id":"https:\/\/adamo.ro\/ro\/reservation\/#breadcrumb"},"inLanguage":"ro-RO","potentialAction":[{"@type":"ReadAction","target":["https:\/\/adamo.ro\/ro\/reservation\/"]}]},{"@type":"ImageObject","inLanguage":"ro-RO","@id":"https:\/\/adamo.ro\/ro\/reservation\/#primaryimage","url":"https:\/\/adamo.ro\/wp-content\/uploads\/2021\/10\/Adamo-Meniu.jpg","contentUrl":"https:\/\/adamo.ro\/wp-content\/uploads\/2021\/10\/Adamo-Meniu.jpg","width":1920,"height":1080},{"@type":"BreadcrumbList","@id":"https:\/\/adamo.ro\/ro\/reservation\/#breadcrumb","itemListElement":[{"@type":"ListItem","position":1,"name":"Home","item":"https:\/\/adamo.ro\/ro\/"},{"@type":"ListItem","position":2,"name":"Rezervare"}]},{"@type":"WebSite","@id":"https:\/\/adamo.ro\/ro\/#website","url":"https:\/\/adamo.ro\/ro\/","name":"Adamo","description":"Restaurant","publisher":{"@id":"https:\/\/adamo.ro\/ro\/#organization"},"potentialAction":[{"@type":"SearchAction","target":{"@type":"EntryPoint","urlTemplate":"https:\/\/adamo.ro\/ro\/?s={search_term_string}"},"query-input":{"@type":"PropertyValueSpecification","valueRequired":true,"valueName":"search_term_string"}}],"inLanguage":"ro-RO"},{"@type":"Organization","@id":"https:\/\/adamo.ro\/ro\/#organization","name":"Adamo","url":"https:\/\/adamo.ro\/ro\/","logo":{"@type":"ImageObject","inLanguage":"ro-RO","@id":"https:\/\/adamo.ro\/ro\/#\/schema\/logo\/image\/","url":"https:\/\/adamo.ro\/wp-content\/uploads\/2021\/05\/Logo-Adamo-Negru.png","contentUrl":"https:\/\/adamo.ro\/wp-content\/uploads\/2021\/05\/Logo-Adamo-Negru.png","width":512,"height":263,"caption":"Adamo"},"image":{"@id":"https:\/\/adamo.ro\/ro\/#\/schema\/logo\/image\/"},"sameAs":["https:\/\/www.facebook.com\/adamo","https:\/\/www.instagram.com\/adamo\/"]}]}},"_links":{"self":[{"href":"https:\/\/adamo.ro\/ro\/wp-json\/wp\/v2\/pages\/9673","targetHints":{"allow":["GET"]}}],"collection":[{"href":"https:\/\/adamo.ro\/ro\/wp-json\/wp\/v2\/pages"}],"about":[{"href":"https:\/\/adamo.ro\/ro\/wp-json\/wp\/v2\/types\/page"}],"author":[{"embeddable":true,"href":"https:\/\/adamo.ro\/ro\/wp-json\/wp\/v2\/users\/1"}],"replies":[{"embeddable":true,"href":"https:\/\/adamo.ro\/ro\/wp-json\/wp\/v2\/comments?post=9673"}],"version-history":[{"count":0,"href":"https:\/\/adamo.ro\/ro\/wp-json\/wp\/v2\/pages\/9673\/revisions"}],"wp:featuredmedia":[{"embeddable":true,"href":"https:\/\/adamo.ro\/ro\/wp-json\/wp\/v2\/media\/9684"}],"wp:attachment":[{"href":"https:\/\/adamo.ro\/ro\/wp-json\/wp\/v2\/media?parent=9673"}],"curies":[{"name":"wp","href":"https:\/\/api.w.org\/{rel}","templated":true}]}}